{"id":12240,"date":"2021-05-16T15:21:28","date_gmt":"2021-05-16T15:21:28","guid":{"rendered":"https:\/\/www.nestorfactory.com\/aventure-nestor\/mission\/"},"modified":"2022-12-06T17:09:40","modified_gmt":"2022-12-06T17:09:40","slug":"mission","status":"publish","type":"page","link":"https:\/\/www.nestorfactory.com\/en\/aventure-nestor\/mission\/","title":{"rendered":"Our mission"},"content":{"rendered":"<h3>La garantie Nestor<\/h3>\n<h3>__________________<\/h3>\n<p>&nbsp;<\/p>\n<p><span style=\"font-weight: 400;\">Travailler avec Nestor, c\u2019est la garantie d\u2019interlocuteurs qui ont une exp\u00e9rience concr\u00e8te des m\u00e9tiers de la r\u00e9gie : notre fondateur et plus de la moiti\u00e9 de notre personnel sont directement issus des plateaux.\u00a0<\/span><\/p>\n<p><strong>Travailler avec Nestor, c&#8217;est aussi b\u00e9n\u00e9ficier non seulement de l&#8217;acc\u00e8s \u00e0 un catalogue exhaustif de produits pour la r\u00e9gie, mais \u00e9galement d&#8217;un conseil sur-mesure et attentif \u00e0 chaque \u00e9tape de votre projet !\u00a0<\/strong><\/p>\n<p>&nbsp;<\/p>\n<blockquote><p><span style=\"font-weight: 400;\">Pour permettre la r\u00e9ussite de vos projets, nous n\u2019avons pas peur de tordre nos habitudes ou d\u2019innover.\u00a0<\/span><\/p><\/blockquote>\n<h3><\/h3>\n<h3>La M\u00e9thode Nestor<\/h3>\n<h3>__________________<\/h3>\n<p>&nbsp;<\/p>\n<p><span style=\"font-weight: 400;\">Nous savons que les besoins du tournage conduisent souvent \u00e0 des probl\u00e9matiques in\u00e9dites : am\u00e9nager un camp de base dans une zone recul\u00e9e, tourner dans la neige, sur la plage, r\u00e9habiliter temporairement un b\u00e2timent d\u00e9saffect\u00e9 depuis plusieurs ann\u00e9es ? Chaque situation constitue un terrain formidable d\u2019expression pour l\u2019ing\u00e9niosit\u00e9. Et \u00e7a tombe bien, comme nous venons de la r\u00e9gie, nous avons <strong>une aptitude hors norme \u00e0 g\u00e9rer les al\u00e9as gr\u00e2ce \u00e0 des solutions cr\u00e9atives, peu co\u00fbteuses et accessibles<\/strong> ! <\/span><\/p>\n<p><span style=\"font-weight: 400;\">Nous ferons donc tout pour traiter vos demandes, m\u00eame les plus inhabituelles, en mobilisant nos deux branches d\u2019activit\u00e9 :\u00a0<\/span><\/p>\n<ul>\n<li><span style=\"font-weight: 400;\"><strong>Une offre de r\u00e9gie globale, int\u00e9gr\u00e9e, et responsable<\/strong> : nous sommes votre interlocuteur unique pour l\u2019int\u00e9gralit\u00e9 des besoins r\u00e9gie du tournage.\u00a0<\/span><\/li>\n<li style=\"font-weight: 400;\" aria-level=\"1\"><span style=\"font-weight: 400;\"><strong>La conception et la fabrication de mat\u00e9riel r\u00e9gie dans nos ateliers de production<\/strong> : Nestor, c\u2019est un partenaire privil\u00e9gi\u00e9 pour innover.\u00a0<\/span><\/li>\n<\/ul>\n<p>&nbsp;<\/p>\n<h3><strong>Qui se cache derri\u00e8re Nestor ?<\/strong><\/h3>\n<h3>__________________<\/h3>\n<p>&nbsp;<\/p>\n<p><span style=\"font-weight: 400;\">Pour vous offrir la meilleure qualit\u00e9 de service, <\/span><b>nous avons choisi de supprimer les interm\u00e9diaires et de faire les choses nous m\u00eame <\/b><span style=\"font-weight: 400;\">d\u00e8s que possible : conseil, conception, fabrication, nettoyage, r\u00e9paration, livraison, recyclage\u2026 sont autant de postes d\u2019activit\u00e9s incontournables aujourd\u2019hui directement entre les mains de nos \u00e9quipes.\u00a0<\/span><\/p>\n<p>&nbsp;<\/p>\n<ul>\n<li style=\"text-align: left;\"><b>Le bureau\u00a0<\/b><\/li>\n<\/ul>\n<p style=\"text-align: left;\"><span style=\"font-weight: 400;\"><span style=\"text-decoration: underline;\">Leur mission<\/span> : en charge du conseil et du suivi logistique, ce sont eux qui sont derri\u00e8re le t\u00e9l\u00e9phone et qui se d\u00e9m\u00e8nent pour r\u00e9pondre au plus vite \u00e0 vos demandes et imaginer des solutions cr\u00e9atives.\u00a0<\/span><\/p>\n<p>&nbsp;<\/p>\n<ul>\n<li style=\"text-align: left;\"><b>L\u2019\u00e9quipe accueil \/ livraisons<\/b><\/li>\n<\/ul>\n<p style=\"text-align: left;\"><span style=\"font-weight: 400;\"><span style=\"text-decoration: underline;\">Leur mission<\/span> : au contact direct des \u00e9quipes de r\u00e9gie, Kevin, Julie Gabrielle et Romain v\u00e9rifient la conformit\u00e9 des commandes, vous accompagnent dans la prise en charge du mat\u00e9riel et vous donnent les derniers conseils d\u2019utilisation. Ils sont aussi \u00e0 l\u2019\u00e9coute de toutes vos remarques et retours sur nos produits !<\/span><\/p>\n<p>&nbsp;<\/p>\n<ul>\n<li style=\"text-align: left;\"><b>L\u2019\u00e9quipe entretien, nettoyage et r\u00e9paration<\/b><b><\/b><\/li>\n<\/ul>\n<p style=\"text-align: left;\"><span style=\"font-weight: 400;\"><span style=\"text-decoration: underline;\">Leur mission<\/span> :\u00a0 \u00eatre l\u2019\u00e9quipe de l\u2019ombre ! C\u2019est gr\u00e2ce \u00e0 eux que votre mat\u00e9riel est toujours d\u2019une propret\u00e9 et d\u2019une qualit\u00e9 irr\u00e9prochable. Ils sont \u00e9galement d\u2019une efficacit\u00e9 redoutable pour remettre en \u00e9tat le mat\u00e9riel endommag\u00e9 et combattre son obsolescence.\u00a0<\/span><\/p>\n<p>&nbsp;<\/p>\n<ul>\n<li style=\"text-align: left;\"><b>L&#8217;\u00e9quipe R&amp;D<\/b><b><\/b><\/li>\n<\/ul>\n<p style=\"text-align: left;\"><span style=\"font-weight: 400;\"><span style=\"text-decoration: underline;\">Leur mission<\/span> : en charge du laboratoire, l&#8217;\u00e9quipe R&amp;D transforme et r\u00e9invente le mat\u00e9riel r\u00e9gie pour vos proposer les solutions techniques dont vous ne pourrez plus vous passer demain. Centre n\u00e9vralgique de la cr\u00e9ation, c&#8217;est ici que s&#8217;\u00e9crit l\u2019avenir de Nestor !\u00a0<\/span><\/p>\n","protected":false},"excerpt":{"rendered":"La garantie Nestor __________________ &nbsp; Travailler avec Nestor, c\u2019est la garantie d\u2019interlocuteurs qui ont une exp\u00e9rience concr\u00e8te des m\u00e9tiers de la r\u00e9gie : notre fondateur et plus de la moiti\u00e9 de notre personnel sont directement issus des plateaux.\u00a0 Travailler avec Nestor, c&#8217;est aussi b\u00e9n\u00e9ficier non seulement de l&#8217;acc\u00e8s \u00e0 un catalogue exhaustif de produits pour&#8230; <a class=\"view-article\" href=\"https:\/\/www.nestorfactory.com\/en\/aventure-nestor\/mission\/\">View Article<\/a>","protected":false},"author":11,"featured_media":0,"parent":12231,"menu_order":0,"comment_status":"closed","ping_status":"closed","template":"templates\/custom.php","meta":{"_acf_changed":false,"inline_featured_image":false,"footnotes":""},"class_list":["post-12240","page","type-page","status-publish","hentry"],"acf":[],"yoast_head":"<!-- This site is optimized with the Yoast SEO plugin v25.9 - https:\/\/yoast.com\/wordpress\/plugins\/seo\/ -->\n<title>Nestor | Our mission<\/title>\n<meta name=\"description\" content=\"Depuis 2014, Nestor Factory est le partenaire r\u00e9gie pour vos tournages, partout en France. D\u00e9couvrez nos 700 r\u00e9f\u00e9rences et nos propres produits innovants.\" \/>\n<meta name=\"robots\" content=\"index, follow, max-snippet:-1, max-image-preview:large, max-video-preview:-1\" \/>\n<link rel=\"canonical\" href=\"https:\/\/www.nestorfactory.com\/en\/aventure-nestor\/mission\/\" \/>\n<meta property=\"og:locale\" content=\"en_US\" \/>\n<meta property=\"og:type\" content=\"article\" \/>\n<meta property=\"og:title\" content=\"Nestor | Our mission\" \/>\n<meta property=\"og:description\" content=\"Depuis 2014, Nestor Factory est le partenaire r\u00e9gie pour vos tournages, partout en France. D\u00e9couvrez nos 700 r\u00e9f\u00e9rences et nos propres produits innovants.\" \/>\n<meta property=\"og:url\" content=\"https:\/\/www.nestorfactory.com\/en\/aventure-nestor\/mission\/\" \/>\n<meta property=\"og:site_name\" content=\"Nestor\" \/>\n<meta property=\"article:modified_time\" content=\"2022-12-06T17:09:40+00:00\" \/>\n<meta name=\"twitter:card\" content=\"summary_large_image\" \/>\n<script type=\"application\/ld+json\" class=\"yoast-schema-graph\">{\"@context\":\"https:\/\/schema.org\",\"@graph\":[{\"@type\":\"WebPage\",\"@id\":\"https:\/\/www.nestorfactory.com\/en\/aventure-nestor\/mission\/\",\"url\":\"https:\/\/www.nestorfactory.com\/en\/aventure-nestor\/mission\/\",\"name\":\"Nestor | Our mission\",\"isPartOf\":{\"@id\":\"https:\/\/www.nestorfactory.com\/#website\"},\"datePublished\":\"2021-05-16T15:21:28+00:00\",\"dateModified\":\"2022-12-06T17:09:40+00:00\",\"description\":\"Depuis 2014, Nestor Factory est le partenaire r\u00e9gie pour vos tournages, partout en France. D\u00e9couvrez nos 700 r\u00e9f\u00e9rences et nos propres produits innovants.\",\"breadcrumb\":{\"@id\":\"https:\/\/www.nestorfactory.com\/en\/aventure-nestor\/mission\/#breadcrumb\"},\"inLanguage\":\"en-US\",\"potentialAction\":[{\"@type\":\"ReadAction\",\"target\":[\"https:\/\/www.nestorfactory.com\/en\/aventure-nestor\/mission\/\"]}]},{\"@type\":\"BreadcrumbList\",\"@id\":\"https:\/\/www.nestorfactory.com\/en\/aventure-nestor\/mission\/#breadcrumb\",\"itemListElement\":[{\"@type\":\"ListItem\",\"position\":1,\"name\":\"Accueil\",\"item\":\"https:\/\/www.nestorfactory.com\/en\/\"},{\"@type\":\"ListItem\",\"position\":2,\"name\":\"Our story\",\"item\":\"https:\/\/www.nestorfactory.com\/en\/aventure-nestor\/\"},{\"@type\":\"ListItem\",\"position\":3,\"name\":\"Our mission\"}]},{\"@type\":\"WebSite\",\"@id\":\"https:\/\/www.nestorfactory.com\/#website\",\"url\":\"https:\/\/www.nestorfactory.com\/\",\"name\":\"Nestor\",\"description\":\"Nestor Factory - Conception &amp; location de mat\u00e9riel r\u00e9gie\",\"publisher\":{\"@id\":\"https:\/\/www.nestorfactory.com\/#organization\"},\"potentialAction\":[{\"@type\":\"SearchAction\",\"target\":{\"@type\":\"EntryPoint\",\"urlTemplate\":\"https:\/\/www.nestorfactory.com\/?s={search_term_string}\"},\"query-input\":{\"@type\":\"PropertyValueSpecification\",\"valueRequired\":true,\"valueName\":\"search_term_string\"}}],\"inLanguage\":\"en-US\"},{\"@type\":\"Organization\",\"@id\":\"https:\/\/www.nestorfactory.com\/#organization\",\"name\":\"Nestor Factory\",\"url\":\"https:\/\/www.nestorfactory.com\/\",\"logo\":{\"@type\":\"ImageObject\",\"inLanguage\":\"en-US\",\"@id\":\"https:\/\/www.nestorfactory.com\/#\/schema\/logo\/image\/\",\"url\":\"https:\/\/www.nestorfactory.com\/app\/uploads\/2021\/07\/Nestor-logo.png\",\"contentUrl\":\"https:\/\/www.nestorfactory.com\/app\/uploads\/2021\/07\/Nestor-logo.png\",\"width\":419,\"height\":240,\"caption\":\"Nestor Factory\"},\"image\":{\"@id\":\"https:\/\/www.nestorfactory.com\/#\/schema\/logo\/image\/\"}}]}<\/script>\n<!-- \/ Yoast SEO plugin. -->","yoast_head_json":{"title":"Nestor | Our mission","description":"Depuis 2014, Nestor Factory est le partenaire r\u00e9gie pour vos tournages, partout en France. D\u00e9couvrez nos 700 r\u00e9f\u00e9rences et nos propres produits innovants.","robots":{"index":"index","follow":"follow","max-snippet":"max-snippet:-1","max-image-preview":"max-image-preview:large","max-video-preview":"max-video-preview:-1"},"canonical":"https:\/\/www.nestorfactory.com\/en\/aventure-nestor\/mission\/","og_locale":"en_US","og_type":"article","og_title":"Nestor | Our mission","og_description":"Depuis 2014, Nestor Factory est le partenaire r\u00e9gie pour vos tournages, partout en France. D\u00e9couvrez nos 700 r\u00e9f\u00e9rences et nos propres produits innovants.","og_url":"https:\/\/www.nestorfactory.com\/en\/aventure-nestor\/mission\/","og_site_name":"Nestor","article_modified_time":"2022-12-06T17:09:40+00:00","twitter_card":"summary_large_image","schema":{"@context":"https:\/\/schema.org","@graph":[{"@type":"WebPage","@id":"https:\/\/www.nestorfactory.com\/en\/aventure-nestor\/mission\/","url":"https:\/\/www.nestorfactory.com\/en\/aventure-nestor\/mission\/","name":"Nestor | Our mission","isPartOf":{"@id":"https:\/\/www.nestorfactory.com\/#website"},"datePublished":"2021-05-16T15:21:28+00:00","dateModified":"2022-12-06T17:09:40+00:00","description":"Depuis 2014, Nestor Factory est le partenaire r\u00e9gie pour vos tournages, partout en France. D\u00e9couvrez nos 700 r\u00e9f\u00e9rences et nos propres produits innovants.","breadcrumb":{"@id":"https:\/\/www.nestorfactory.com\/en\/aventure-nestor\/mission\/#breadcrumb"},"inLanguage":"en-US","potentialAction":[{"@type":"ReadAction","target":["https:\/\/www.nestorfactory.com\/en\/aventure-nestor\/mission\/"]}]},{"@type":"BreadcrumbList","@id":"https:\/\/www.nestorfactory.com\/en\/aventure-nestor\/mission\/#breadcrumb","itemListElement":[{"@type":"ListItem","position":1,"name":"Accueil","item":"https:\/\/www.nestorfactory.com\/en\/"},{"@type":"ListItem","position":2,"name":"Our story","item":"https:\/\/www.nestorfactory.com\/en\/aventure-nestor\/"},{"@type":"ListItem","position":3,"name":"Our mission"}]},{"@type":"WebSite","@id":"https:\/\/www.nestorfactory.com\/#website","url":"https:\/\/www.nestorfactory.com\/","name":"Nestor","description":"Nestor Factory - Conception &amp; location de mat\u00e9riel r\u00e9gie","publisher":{"@id":"https:\/\/www.nestorfactory.com\/#organization"},"potentialAction":[{"@type":"SearchAction","target":{"@type":"EntryPoint","urlTemplate":"https:\/\/www.nestorfactory.com\/?s={search_term_string}"},"query-input":{"@type":"PropertyValueSpecification","valueRequired":true,"valueName":"search_term_string"}}],"inLanguage":"en-US"},{"@type":"Organization","@id":"https:\/\/www.nestorfactory.com\/#organization","name":"Nestor Factory","url":"https:\/\/www.nestorfactory.com\/","logo":{"@type":"ImageObject","inLanguage":"en-US","@id":"https:\/\/www.nestorfactory.com\/#\/schema\/logo\/image\/","url":"https:\/\/www.nestorfactory.com\/app\/uploads\/2021\/07\/Nestor-logo.png","contentUrl":"https:\/\/www.nestorfactory.com\/app\/uploads\/2021\/07\/Nestor-logo.png","width":419,"height":240,"caption":"Nestor Factory"},"image":{"@id":"https:\/\/www.nestorfactory.com\/#\/schema\/logo\/image\/"}}]}},"_links":{"self":[{"href":"https:\/\/www.nestorfactory.com\/en\/wp-json\/wp\/v2\/pages\/12240","targetHints":{"allow":["GET"]}}],"collection":[{"href":"https:\/\/www.nestorfactory.com\/en\/wp-json\/wp\/v2\/pages"}],"about":[{"href":"https:\/\/www.nestorfactory.com\/en\/wp-json\/wp\/v2\/types\/page"}],"author":[{"embeddable":true,"href":"https:\/\/www.nestorfactory.com\/en\/wp-json\/wp\/v2\/users\/11"}],"replies":[{"embeddable":true,"href":"https:\/\/www.nestorfactory.com\/en\/wp-json\/wp\/v2\/comments?post=12240"}],"version-history":[{"count":5,"href":"https:\/\/www.nestorfactory.com\/en\/wp-json\/wp\/v2\/pages\/12240\/revisions"}],"predecessor-version":[{"id":14640,"href":"https:\/\/www.nestorfactory.com\/en\/wp-json\/wp\/v2\/pages\/12240\/revisions\/14640"}],"up":[{"embeddable":true,"href":"https:\/\/www.nestorfactory.com\/en\/wp-json\/wp\/v2\/pages\/12231"}],"wp:attachment":[{"href":"https:\/\/www.nestorfactory.com\/en\/wp-json\/wp\/v2\/media?parent=12240"}],"curies":[{"name":"wp","href":"https:\/\/api.w.org\/{rel}","templated":true}]}}